{"id":1448,"date":"2023-10-12T11:10:28","date_gmt":"2023-10-12T09:10:28","guid":{"rendered":"http:\/\/bijelihljeb.ba.www242.your-server.de\/?page_id=1448"},"modified":"2023-10-13T14:48:10","modified_gmt":"2023-10-13T12:48:10","slug":"o-bazi-podataka","status":"publish","type":"page","link":"https:\/\/cin.ba\/bijeli_hljeb\/o-bazi-podataka\/","title":{"rendered":"O bazi podataka"},"content":{"rendered":"\t\t<div data-elementor-type=\"wp-page\" data-elementor-id=\"1448\" class=\"elementor elementor-1448\" data-elementor-settings=\"{&quot;ha_cmc_init_switcher&quot;:&quot;no&quot;}\" data-elementor-post-type=\"page\">\n\t\t\t\t\t\t<section class=\"elementor-section elementor-top-section elementor-element elementor-element-654380e elementor-section-height-min-height elementor-section-boxed elementor-section-height-default elementor-section-items-middle\" data-id=\"654380e\" data-element_type=\"section\" data-settings=\"{&quot;_ha_eqh_enable&quot;:false}\">\n\t\t\t\t\t\t<div class=\"elementor-container elementor-column-gap-default\">\n\t\t\t\t\t<div class=\"elementor-column elementor-col-100 elementor-top-column elementor-element elementor-element-9ff1b1f\" data-id=\"9ff1b1f\" data-element_type=\"column\">\n\t\t\t<div class=\"elementor-widget-wrap elementor-element-populated\">\n\t\t\t\t\t\t<div class=\"elementor-element elementor-element-8e057ae elementor-widget elementor-widget-heading\" data-id=\"8e057ae\" data-element_type=\"widget\" data-widget_type=\"heading.default\">\n\t\t\t\t<div class=\"elementor-widget-container\">\n\t\t\t\t\t<h2 class=\"elementor-heading-title elementor-size-default\">O BAZI PODATAKA<\/h2>\t\t\t\t<\/div>\n\t\t\t\t<\/div>\n\t\t\t\t<div class=\"elementor-element elementor-element-f8dbe5d elementor-widget elementor-widget-text-editor\" data-id=\"f8dbe5d\" data-element_type=\"widget\" data-widget_type=\"text-editor.default\">\n\t\t\t\t<div class=\"elementor-widget-container\">\n\t\t\t\t\t\t\t\t\t<p>Predsjednici, premijeri, ministri, njihovi zamjenici, savjetnici i poslanici na dr\u017eavnom, entitetskom i kantonalnom nivou te rukovodioci nekih dr\u017eavnih institucija mogli su primati pla\u0107u i nakon okon\u010danja mandata. Ovo pravo su imali prema zakonima koje su sami napisali i usvojili.<\/p><p>&#8220;Bijeli hljeb\u201c je postao poznat javnosti po\u010detkom 2014. godine kada je njegovo ukidanje bilo jedno od glavnih zahtjeva gra\u0111ana na protestima protiv neefikasne vlasti u BiH.<\/p><p>Od tada je ovo pravo ukinuto na dr\u017eavnom nivou te u Tuzlanskom, Unsko-sanskom, Bosansko-podrinjskom, Zeni\u010dko-dobojskom i Kantonu Sarajevo.<\/p><p>Za razliku od njih, federalni funkcioneri i dalje mogu u\u017eivati pravo na \u201ebijeli hljeb\u201c godinu dana nakon isteka mandata. Svim funkcionerima u Republici Srpskoj (RS), Zapadnohercegova\u010dkom kantonu (ZHK) te savjetnicima u Federaciji Bosne i Hercegovine (BiH) odobrava se isplata takve naknade najdu\u017ee pola godine. Pla\u0107u mogu primati dok ne na\u0111u drugi posao ili ne odu u penziju. Funkcioneri dobijaju \u201ebijeli hljeb\u201c \u010dak i ako su smijenjeni ili ako na funkciji provedu makar jedan dan. Nije ograni\u010deno ni koliko puta ista osoba mo\u017ee to pravo koristiti.<\/p><p>Prema podacima koje je prikupio Centar za istra\u017eiva\u010dko novinarstvo (CIN), od po\u010detka 2008. do marta 2015. godine 476 funkcionera je dobilo najmanje 8,5 miliona maraka za \u201ebijeli hljeb\u201c, dok je njih 15 na \u201ebijelom hljebu\u201c bilo i po dva puta.<\/p><p>Dr\u017eavnim institucijama, skup\u0161tinama, vladama i predsjednicima u BiH su novinari CIN-a poslali zahtjeve kojima su tra\u017eili podatke o imenima funkcionera, periodu kori\u0161tenja naknade i njihovim mjese\u010dnim iznosima. Uprkos vi\u0161emjese\u010dnom insistiranju CIN-a na odgovorima i po\u0161tovanju zakona o slobodi pristupa informacijama, neke institucije nikada nisu poslale podatke, dok su druge odgovarale nepotpuno i nejasno. Zbog toga se u bazi nalaze polja koja ne sadr\u017ee podatak o imenu, iznosu ili periodu. Tek tre\u0107ina odgovora je pru\u017eala potpunu, tra\u017eenu informaciju. Svi odgovori su objedinjeni u bazi podataka.<\/p>\t\t\t\t\t\t\t\t<\/div>\n\t\t\t\t<\/div>\n\t\t\t\t\t<\/div>\n\t\t<\/div>\n\t\t\t\t\t<\/div>\n\t\t<\/section>\n\t\t\t\t<\/div>\n\t\t","protected":false},"excerpt":{"rendered":"<p>O BAZI PODATAKA Predsjednici, premijeri, ministri, njihovi zamjenici, savjetnici i poslanici na dr\u017eavnom, entitetskom i kantonalnom nivou te rukovodioci nekih dr\u017eavnih institucija mogli su primati pla\u0107u i nakon okon\u010danja mandata. Ovo pravo su imali prema zakonima koje su sami napisali i usvojili. &#8220;Bijeli hljeb\u201c je postao poznat javnosti po\u010detkom 2014. godine kada je njegovo ukidanje [&hellip;]<\/p>\n","protected":false},"author":1,"featured_media":0,"parent":0,"menu_order":0,"comment_status":"closed","ping_status":"closed","template":"","meta":{"_acf_changed":false,"_monsterinsights_skip_tracking":false,"_monsterinsights_sitenote_active":false,"_monsterinsights_sitenote_note":"","_monsterinsights_sitenote_category":0,"footnotes":""},"class_list":["post-1448","page","type-page","status-publish","hentry"],"acf":[],"yoast_head":"<!-- This site is optimized with the Yoast SEO plugin v24.4 - https:\/\/yoast.com\/wordpress\/plugins\/seo\/ -->\n<title>O bazi podataka &#8212; &quot;Bijeli hljeb&quot; - Nezara\u0111ena pla\u0107a<\/title>\n<meta name=\"robots\" content=\"index, follow, max-snippet:-1, max-image-preview:large, max-video-preview:-1\" \/>\n<link rel=\"canonical\" href=\"https:\/\/cin.ba\/bijeli_hljeb\/o-bazi-podataka\/\" \/>\n<meta property=\"og:locale\" content=\"bs_BA\" \/>\n<meta property=\"og:type\" content=\"article\" \/>\n<meta property=\"og:title\" content=\"O bazi podataka &#8212; &quot;Bijeli hljeb&quot; - Nezara\u0111ena pla\u0107a\" \/>\n<meta property=\"og:description\" content=\"O BAZI PODATAKA Predsjednici, premijeri, ministri, njihovi zamjenici, savjetnici i poslanici na dr\u017eavnom, entitetskom i kantonalnom nivou te rukovodioci nekih dr\u017eavnih institucija mogli su primati pla\u0107u i nakon okon\u010danja mandata. Ovo pravo su imali prema zakonima koje su sami napisali i usvojili. &#8220;Bijeli hljeb\u201c je postao poznat javnosti po\u010detkom 2014. godine kada je njegovo ukidanje [&hellip;]\" \/>\n<meta property=\"og:url\" content=\"https:\/\/cin.ba\/bijeli_hljeb\/o-bazi-podataka\/\" \/>\n<meta property=\"og:site_name\" content=\"&quot;Bijeli hljeb&quot; - Nezara\u0111ena pla\u0107a\" \/>\n<meta property=\"article:modified_time\" content=\"2023-10-13T12:48:10+00:00\" \/>\n<meta name=\"twitter:card\" content=\"summary_large_image\" \/>\n<meta name=\"twitter:label1\" content=\"Est. reading time\" \/>\n\t<meta name=\"twitter:data1\" content=\"2 minute\" \/>\n<script type=\"application\/ld+json\" class=\"yoast-schema-graph\">{\"@context\":\"https:\/\/schema.org\",\"@graph\":[{\"@type\":\"WebPage\",\"@id\":\"https:\/\/cin.ba\/bijeli_hljeb\/o-bazi-podataka\/\",\"url\":\"https:\/\/cin.ba\/bijeli_hljeb\/o-bazi-podataka\/\",\"name\":\"O bazi podataka &#8212; &quot;Bijeli hljeb&quot; - Nezara\u0111ena pla\u0107a\",\"isPartOf\":{\"@id\":\"https:\/\/cin.ba\/bijeli_hljeb\/#website\"},\"datePublished\":\"2023-10-12T09:10:28+00:00\",\"dateModified\":\"2023-10-13T12:48:10+00:00\",\"breadcrumb\":{\"@id\":\"https:\/\/cin.ba\/bijeli_hljeb\/o-bazi-podataka\/#breadcrumb\"},\"inLanguage\":\"bs-BA\",\"potentialAction\":[{\"@type\":\"ReadAction\",\"target\":[\"https:\/\/cin.ba\/bijeli_hljeb\/o-bazi-podataka\/\"]}]},{\"@type\":\"BreadcrumbList\",\"@id\":\"https:\/\/cin.ba\/bijeli_hljeb\/o-bazi-podataka\/#breadcrumb\",\"itemListElement\":[{\"@type\":\"ListItem\",\"position\":1,\"name\":\"Home\",\"item\":\"https:\/\/cin.ba\/bijeli_hljeb\/\"},{\"@type\":\"ListItem\",\"position\":2,\"name\":\"O bazi podataka\"}]},{\"@type\":\"WebSite\",\"@id\":\"https:\/\/cin.ba\/bijeli_hljeb\/#website\",\"url\":\"https:\/\/cin.ba\/bijeli_hljeb\/\",\"name\":\"\\\"Bijeli hljeb\\\" - Nezara\u0111ena pla\u0107a\",\"description\":\"\",\"publisher\":{\"@id\":\"https:\/\/cin.ba\/bijeli_hljeb\/#organization\"},\"alternateName\":\"\\\"Bijeli hljeb\\\" - Nezara\u0111ena pla\u0107a\",\"potentialAction\":[{\"@type\":\"SearchAction\",\"target\":{\"@type\":\"EntryPoint\",\"urlTemplate\":\"https:\/\/cin.ba\/bijeli_hljeb\/?s={search_term_string}\"},\"query-input\":{\"@type\":\"PropertyValueSpecification\",\"valueRequired\":true,\"valueName\":\"search_term_string\"}}],\"inLanguage\":\"bs-BA\"},{\"@type\":\"Organization\",\"@id\":\"https:\/\/cin.ba\/bijeli_hljeb\/#organization\",\"name\":\"\\\"Bijeli hljeb\\\" - Nezara\u0111ena pla\u0107a\",\"url\":\"https:\/\/cin.ba\/bijeli_hljeb\/\",\"logo\":{\"@type\":\"ImageObject\",\"inLanguage\":\"bs-BA\",\"@id\":\"https:\/\/cin.ba\/bijeli_hljeb\/#\/schema\/logo\/image\/\",\"url\":\"https:\/\/cin.ba\/bijeli_hljeb\/wp-content\/uploads\/2023\/09\/logo.png\",\"contentUrl\":\"https:\/\/cin.ba\/bijeli_hljeb\/wp-content\/uploads\/2023\/09\/logo.png\",\"width\":669,\"height\":90,\"caption\":\"\\\"Bijeli hljeb\\\" - Nezara\u0111ena pla\u0107a\"},\"image\":{\"@id\":\"https:\/\/cin.ba\/bijeli_hljeb\/#\/schema\/logo\/image\/\"}}]}<\/script>\n<!-- \/ Yoast SEO plugin. -->","yoast_head_json":{"title":"O bazi podataka &#8212; &quot;Bijeli hljeb&quot; - Nezara\u0111ena pla\u0107a","robots":{"index":"index","follow":"follow","max-snippet":"max-snippet:-1","max-image-preview":"max-image-preview:large","max-video-preview":"max-video-preview:-1"},"canonical":"https:\/\/cin.ba\/bijeli_hljeb\/o-bazi-podataka\/","og_locale":"bs_BA","og_type":"article","og_title":"O bazi podataka &#8212; &quot;Bijeli hljeb&quot; - Nezara\u0111ena pla\u0107a","og_description":"O BAZI PODATAKA Predsjednici, premijeri, ministri, njihovi zamjenici, savjetnici i poslanici na dr\u017eavnom, entitetskom i kantonalnom nivou te rukovodioci nekih dr\u017eavnih institucija mogli su primati pla\u0107u i nakon okon\u010danja mandata. Ovo pravo su imali prema zakonima koje su sami napisali i usvojili. &#8220;Bijeli hljeb\u201c je postao poznat javnosti po\u010detkom 2014. godine kada je njegovo ukidanje [&hellip;]","og_url":"https:\/\/cin.ba\/bijeli_hljeb\/o-bazi-podataka\/","og_site_name":"&quot;Bijeli hljeb&quot; - Nezara\u0111ena pla\u0107a","article_modified_time":"2023-10-13T12:48:10+00:00","twitter_card":"summary_large_image","twitter_misc":{"Est. reading time":"2 minute"},"schema":{"@context":"https:\/\/schema.org","@graph":[{"@type":"WebPage","@id":"https:\/\/cin.ba\/bijeli_hljeb\/o-bazi-podataka\/","url":"https:\/\/cin.ba\/bijeli_hljeb\/o-bazi-podataka\/","name":"O bazi podataka &#8212; &quot;Bijeli hljeb&quot; - Nezara\u0111ena pla\u0107a","isPartOf":{"@id":"https:\/\/cin.ba\/bijeli_hljeb\/#website"},"datePublished":"2023-10-12T09:10:28+00:00","dateModified":"2023-10-13T12:48:10+00:00","breadcrumb":{"@id":"https:\/\/cin.ba\/bijeli_hljeb\/o-bazi-podataka\/#breadcrumb"},"inLanguage":"bs-BA","potentialAction":[{"@type":"ReadAction","target":["https:\/\/cin.ba\/bijeli_hljeb\/o-bazi-podataka\/"]}]},{"@type":"BreadcrumbList","@id":"https:\/\/cin.ba\/bijeli_hljeb\/o-bazi-podataka\/#breadcrumb","itemListElement":[{"@type":"ListItem","position":1,"name":"Home","item":"https:\/\/cin.ba\/bijeli_hljeb\/"},{"@type":"ListItem","position":2,"name":"O bazi podataka"}]},{"@type":"WebSite","@id":"https:\/\/cin.ba\/bijeli_hljeb\/#website","url":"https:\/\/cin.ba\/bijeli_hljeb\/","name":"\"Bijeli hljeb\" - Nezara\u0111ena pla\u0107a","description":"","publisher":{"@id":"https:\/\/cin.ba\/bijeli_hljeb\/#organization"},"alternateName":"\"Bijeli hljeb\" - Nezara\u0111ena pla\u0107a","potentialAction":[{"@type":"SearchAction","target":{"@type":"EntryPoint","urlTemplate":"https:\/\/cin.ba\/bijeli_hljeb\/?s={search_term_string}"},"query-input":{"@type":"PropertyValueSpecification","valueRequired":true,"valueName":"search_term_string"}}],"inLanguage":"bs-BA"},{"@type":"Organization","@id":"https:\/\/cin.ba\/bijeli_hljeb\/#organization","name":"\"Bijeli hljeb\" - Nezara\u0111ena pla\u0107a","url":"https:\/\/cin.ba\/bijeli_hljeb\/","logo":{"@type":"ImageObject","inLanguage":"bs-BA","@id":"https:\/\/cin.ba\/bijeli_hljeb\/#\/schema\/logo\/image\/","url":"https:\/\/cin.ba\/bijeli_hljeb\/wp-content\/uploads\/2023\/09\/logo.png","contentUrl":"https:\/\/cin.ba\/bijeli_hljeb\/wp-content\/uploads\/2023\/09\/logo.png","width":669,"height":90,"caption":"\"Bijeli hljeb\" - Nezara\u0111ena pla\u0107a"},"image":{"@id":"https:\/\/cin.ba\/bijeli_hljeb\/#\/schema\/logo\/image\/"}}]}},"_links":{"self":[{"href":"https:\/\/cin.ba\/bijeli_hljeb\/wp-json\/wp\/v2\/pages\/1448","targetHints":{"allow":["GET"]}}],"collection":[{"href":"https:\/\/cin.ba\/bijeli_hljeb\/wp-json\/wp\/v2\/pages"}],"about":[{"href":"https:\/\/cin.ba\/bijeli_hljeb\/wp-json\/wp\/v2\/types\/page"}],"author":[{"embeddable":true,"href":"https:\/\/cin.ba\/bijeli_hljeb\/wp-json\/wp\/v2\/users\/1"}],"replies":[{"embeddable":true,"href":"https:\/\/cin.ba\/bijeli_hljeb\/wp-json\/wp\/v2\/comments?post=1448"}],"version-history":[{"count":44,"href":"https:\/\/cin.ba\/bijeli_hljeb\/wp-json\/wp\/v2\/pages\/1448\/revisions"}],"predecessor-version":[{"id":1550,"href":"https:\/\/cin.ba\/bijeli_hljeb\/wp-json\/wp\/v2\/pages\/1448\/revisions\/1550"}],"wp:attachment":[{"href":"https:\/\/cin.ba\/bijeli_hljeb\/wp-json\/wp\/v2\/media?parent=1448"}],"curies":[{"name":"wp","href":"https:\/\/api.w.org\/{rel}","templated":true}]}}