{"id":12012,"date":"2023-10-10T14:49:02","date_gmt":"2023-10-10T12:49:02","guid":{"rendered":"http:\/\/budzetskarezerva.ba.www549.your-server.de\/?page_id=12012"},"modified":"2026-02-20T14:29:46","modified_gmt":"2026-02-20T13:29:46","slug":"o-bazi-trosenja-tekuce-budzetske-rezerve","status":"publish","type":"page","link":"https:\/\/cin.ba\/budzetska_rezerva_2\/o-bazi-trosenja-tekuce-budzetske-rezerve\/","title":{"rendered":"O bazi podataka"},"content":{"rendered":"\t\t<div data-elementor-type=\"wp-page\" data-elementor-id=\"12012\" class=\"elementor elementor-12012\" data-elementor-settings=\"{&quot;ha_cmc_init_switcher&quot;:&quot;no&quot;}\" data-elementor-post-type=\"page\">\n\t\t\t\t\t\t<section class=\"elementor-section elementor-top-section elementor-element elementor-element-a8911c9 elementor-section-height-min-height elementor-section-boxed elementor-section-height-default elementor-section-items-middle\" data-id=\"a8911c9\" data-element_type=\"section\" data-e-type=\"section\" data-settings=\"{&quot;_ha_eqh_enable&quot;:false}\">\n\t\t\t\t\t\t<div class=\"elementor-container elementor-column-gap-default\">\n\t\t\t\t\t<div class=\"elementor-column elementor-col-100 elementor-top-column elementor-element elementor-element-366b650\" data-id=\"366b650\" data-element_type=\"column\" data-e-type=\"column\">\n\t\t\t<div class=\"elementor-widget-wrap elementor-element-populated\">\n\t\t\t\t\t\t<div class=\"elementor-element elementor-element-0053133 elementor-widget elementor-widget-heading\" data-id=\"0053133\" data-element_type=\"widget\" data-e-type=\"widget\" data-widget_type=\"heading.default\">\n\t\t\t\t<div class=\"elementor-widget-container\">\n\t\t\t\t\t<h2 class=\"elementor-heading-title elementor-size-default\">O BAZI PODATAKA<\/h2>\t\t\t\t<\/div>\n\t\t\t\t<\/div>\n\t\t\t\t<div class=\"elementor-element elementor-element-5ff65ed elementor-widget elementor-widget-text-editor\" data-id=\"5ff65ed\" data-element_type=\"widget\" data-e-type=\"widget\" data-widget_type=\"text-editor.default\">\n\t\t\t\t<div class=\"elementor-widget-container\">\n\t\t\t\t\t\t\t\t\t<p>Dr\u017eavna, entitetske, kantonalne i Vlada Br\u010dko distrikta te pojedinci na vlasti su od 2014. do kraja 2024. godine podijelili vi\u0161e od 520 miliona KM iz teku\u0107ih bud\u017eetskih rezervi.<\/p><p>Ovaj novac je namijenjen za hitne i neplanirane tro\u0161kove, a vlade, predsjednici, premijeri i ministri su ga dijelili i pojedincima, firmama i institucijama koje se ve\u0107 finansiraju iz bud\u017eeta.<\/p><p>Novinari Centra za istra\u017eiva\u010dko novinarstvo (CIN) iz Sarajeva su prikupili podatke od vlada i ministarstava, pregledali izvje\u0161taje o izvr\u0161enjima bud\u017eeta, slu\u017ebene novine i revizorske izvje\u0161taje od po\u010detka 2014. do kraja 2024. godine.<\/p><p>U ovoj bazi nedostaje dio podataka o isplatama bud\u017eetskih rezervi koje su odobrili premijeri i ministri u Zapadnohercegova\u010dkom i Kantonu 10 te Vlada Hercegova\u010dko-neretvanskog kantona, jer su bili nedostupni novinarima.<\/p>\t\t\t\t\t\t\t\t<\/div>\n\t\t\t\t<\/div>\n\t\t\t\t\t<\/div>\n\t\t<\/div>\n\t\t\t\t\t<\/div>\n\t\t<\/section>\n\t\t\t\t<\/div>\n\t\t","protected":false},"excerpt":{"rendered":"<p>O BAZI PODATAKA Dr\u017eavna, entitetske, kantonalne i Vlada Br\u010dko distrikta te pojedinci na vlasti su od 2014. do kraja 2024. godine podijelili vi\u0161e od 520 miliona KM iz teku\u0107ih bud\u017eetskih rezervi. Ovaj novac je namijenjen za hitne i neplanirane tro\u0161kove, a vlade, predsjednici, premijeri i ministri su ga dijelili i pojedincima, firmama i institucijama koje [&hellip;]<\/p>\n","protected":false},"author":1,"featured_media":0,"parent":0,"menu_order":0,"comment_status":"closed","ping_status":"closed","template":"","meta":{"_acf_changed":false,"_monsterinsights_skip_tracking":false,"_monsterinsights_sitenote_active":false,"_monsterinsights_sitenote_note":"","_monsterinsights_sitenote_category":0,"footnotes":""},"class_list":["post-12012","page","type-page","status-publish","hentry"],"acf":[],"yoast_head":"<!-- This site is optimized with the Yoast SEO plugin v27.0 - https:\/\/yoast.com\/product\/yoast-seo-wordpress\/ -->\n<title>O bazi podataka &#8212; Baza podataka o tro\u0161enju teku\u0107e bud\u017eetske rezerve<\/title>\n<meta name=\"robots\" content=\"index, follow, max-snippet:-1, max-image-preview:large, max-video-preview:-1\" \/>\n<link rel=\"canonical\" href=\"https:\/\/cin.ba\/budzetska_rezerva_2\/o-bazi-trosenja-tekuce-budzetske-rezerve\/\" \/>\n<meta property=\"og:locale\" content=\"bs_BA\" \/>\n<meta property=\"og:type\" content=\"article\" \/>\n<meta property=\"og:title\" content=\"O bazi podataka &#8212; Baza podataka o tro\u0161enju teku\u0107e bud\u017eetske rezerve\" \/>\n<meta property=\"og:description\" content=\"O BAZI PODATAKA Dr\u017eavna, entitetske, kantonalne i Vlada Br\u010dko distrikta te pojedinci na vlasti su od 2014. do kraja 2024. godine podijelili vi\u0161e od 520 miliona KM iz teku\u0107ih bud\u017eetskih rezervi. Ovaj novac je namijenjen za hitne i neplanirane tro\u0161kove, a vlade, predsjednici, premijeri i ministri su ga dijelili i pojedincima, firmama i institucijama koje [&hellip;]\" \/>\n<meta property=\"og:url\" content=\"https:\/\/cin.ba\/budzetska_rezerva_2\/o-bazi-trosenja-tekuce-budzetske-rezerve\/\" \/>\n<meta property=\"og:site_name\" content=\"Baza podataka o tro\u0161enju teku\u0107e bud\u017eetske rezerve\" \/>\n<meta property=\"article:modified_time\" content=\"2026-02-20T13:29:46+00:00\" \/>\n<meta name=\"twitter:card\" content=\"summary_large_image\" \/>\n<meta name=\"twitter:label1\" content=\"Est. reading time\" \/>\n\t<meta name=\"twitter:data1\" content=\"1 minuta\" \/>\n<script type=\"application\/ld+json\" class=\"yoast-schema-graph\">{\"@context\":\"https:\/\/schema.org\",\"@graph\":[{\"@type\":\"WebPage\",\"@id\":\"https:\/\/cin.ba\/budzetska_rezerva_2\/o-bazi-trosenja-tekuce-budzetske-rezerve\/\",\"url\":\"https:\/\/cin.ba\/budzetska_rezerva_2\/o-bazi-trosenja-tekuce-budzetske-rezerve\/\",\"name\":\"O bazi podataka &#8212; Baza podataka o tro\u0161enju teku\u0107e bud\u017eetske rezerve\",\"isPartOf\":{\"@id\":\"https:\/\/cin.ba\/budzetska_rezerva_2\/#website\"},\"datePublished\":\"2023-10-10T12:49:02+00:00\",\"dateModified\":\"2026-02-20T13:29:46+00:00\",\"breadcrumb\":{\"@id\":\"https:\/\/cin.ba\/budzetska_rezerva_2\/o-bazi-trosenja-tekuce-budzetske-rezerve\/#breadcrumb\"},\"inLanguage\":\"bs-BA\",\"potentialAction\":[{\"@type\":\"ReadAction\",\"target\":[\"https:\/\/cin.ba\/budzetska_rezerva_2\/o-bazi-trosenja-tekuce-budzetske-rezerve\/\"]}]},{\"@type\":\"BreadcrumbList\",\"@id\":\"https:\/\/cin.ba\/budzetska_rezerva_2\/o-bazi-trosenja-tekuce-budzetske-rezerve\/#breadcrumb\",\"itemListElement\":[{\"@type\":\"ListItem\",\"position\":1,\"name\":\"Home\",\"item\":\"https:\/\/cin.ba\/budzetska_rezerva_2\/\"},{\"@type\":\"ListItem\",\"position\":2,\"name\":\"O bazi podataka\"}]},{\"@type\":\"WebSite\",\"@id\":\"https:\/\/cin.ba\/budzetska_rezerva_2\/#website\",\"url\":\"https:\/\/cin.ba\/budzetska_rezerva_2\/\",\"name\":\"Baza podataka o tro\u0161enju teku\u0107e bud\u017eetske rezerve\",\"description\":\"\",\"publisher\":{\"@id\":\"https:\/\/cin.ba\/budzetska_rezerva_2\/#organization\"},\"potentialAction\":[{\"@type\":\"SearchAction\",\"target\":{\"@type\":\"EntryPoint\",\"urlTemplate\":\"https:\/\/cin.ba\/budzetska_rezerva_2\/?s={search_term_string}\"},\"query-input\":{\"@type\":\"PropertyValueSpecification\",\"valueRequired\":true,\"valueName\":\"search_term_string\"}}],\"inLanguage\":\"bs-BA\"},{\"@type\":\"Organization\",\"@id\":\"https:\/\/cin.ba\/budzetska_rezerva_2\/#organization\",\"name\":\"Baza podataka o tro\u0161enju teku\u0107e bud\u017eetske rezerve\",\"url\":\"https:\/\/cin.ba\/budzetska_rezerva_2\/\",\"logo\":{\"@type\":\"ImageObject\",\"inLanguage\":\"bs-BA\",\"@id\":\"https:\/\/cin.ba\/budzetska_rezerva_2\/#\/schema\/logo\/image\/\",\"url\":\"https:\/\/cin.ba\/budzetska_rezerva_2\/wp-content\/uploads\/2023\/09\/logo.png\",\"contentUrl\":\"https:\/\/cin.ba\/budzetska_rezerva_2\/wp-content\/uploads\/2023\/09\/logo.png\",\"width\":669,\"height\":90,\"caption\":\"Baza podataka o tro\u0161enju teku\u0107e bud\u017eetske rezerve\"},\"image\":{\"@id\":\"https:\/\/cin.ba\/budzetska_rezerva_2\/#\/schema\/logo\/image\/\"}}]}<\/script>\n<!-- \/ Yoast SEO plugin. -->","yoast_head_json":{"title":"O bazi podataka &#8212; Baza podataka o tro\u0161enju teku\u0107e bud\u017eetske rezerve","robots":{"index":"index","follow":"follow","max-snippet":"max-snippet:-1","max-image-preview":"max-image-preview:large","max-video-preview":"max-video-preview:-1"},"canonical":"https:\/\/cin.ba\/budzetska_rezerva_2\/o-bazi-trosenja-tekuce-budzetske-rezerve\/","og_locale":"bs_BA","og_type":"article","og_title":"O bazi podataka &#8212; Baza podataka o tro\u0161enju teku\u0107e bud\u017eetske rezerve","og_description":"O BAZI PODATAKA Dr\u017eavna, entitetske, kantonalne i Vlada Br\u010dko distrikta te pojedinci na vlasti su od 2014. do kraja 2024. godine podijelili vi\u0161e od 520 miliona KM iz teku\u0107ih bud\u017eetskih rezervi. Ovaj novac je namijenjen za hitne i neplanirane tro\u0161kove, a vlade, predsjednici, premijeri i ministri su ga dijelili i pojedincima, firmama i institucijama koje [&hellip;]","og_url":"https:\/\/cin.ba\/budzetska_rezerva_2\/o-bazi-trosenja-tekuce-budzetske-rezerve\/","og_site_name":"Baza podataka o tro\u0161enju teku\u0107e bud\u017eetske rezerve","article_modified_time":"2026-02-20T13:29:46+00:00","twitter_card":"summary_large_image","twitter_misc":{"Est. reading time":"1 minuta"},"schema":{"@context":"https:\/\/schema.org","@graph":[{"@type":"WebPage","@id":"https:\/\/cin.ba\/budzetska_rezerva_2\/o-bazi-trosenja-tekuce-budzetske-rezerve\/","url":"https:\/\/cin.ba\/budzetska_rezerva_2\/o-bazi-trosenja-tekuce-budzetske-rezerve\/","name":"O bazi podataka &#8212; Baza podataka o tro\u0161enju teku\u0107e bud\u017eetske rezerve","isPartOf":{"@id":"https:\/\/cin.ba\/budzetska_rezerva_2\/#website"},"datePublished":"2023-10-10T12:49:02+00:00","dateModified":"2026-02-20T13:29:46+00:00","breadcrumb":{"@id":"https:\/\/cin.ba\/budzetska_rezerva_2\/o-bazi-trosenja-tekuce-budzetske-rezerve\/#breadcrumb"},"inLanguage":"bs-BA","potentialAction":[{"@type":"ReadAction","target":["https:\/\/cin.ba\/budzetska_rezerva_2\/o-bazi-trosenja-tekuce-budzetske-rezerve\/"]}]},{"@type":"BreadcrumbList","@id":"https:\/\/cin.ba\/budzetska_rezerva_2\/o-bazi-trosenja-tekuce-budzetske-rezerve\/#breadcrumb","itemListElement":[{"@type":"ListItem","position":1,"name":"Home","item":"https:\/\/cin.ba\/budzetska_rezerva_2\/"},{"@type":"ListItem","position":2,"name":"O bazi podataka"}]},{"@type":"WebSite","@id":"https:\/\/cin.ba\/budzetska_rezerva_2\/#website","url":"https:\/\/cin.ba\/budzetska_rezerva_2\/","name":"Baza podataka o tro\u0161enju teku\u0107e bud\u017eetske rezerve","description":"","publisher":{"@id":"https:\/\/cin.ba\/budzetska_rezerva_2\/#organization"},"potentialAction":[{"@type":"SearchAction","target":{"@type":"EntryPoint","urlTemplate":"https:\/\/cin.ba\/budzetska_rezerva_2\/?s={search_term_string}"},"query-input":{"@type":"PropertyValueSpecification","valueRequired":true,"valueName":"search_term_string"}}],"inLanguage":"bs-BA"},{"@type":"Organization","@id":"https:\/\/cin.ba\/budzetska_rezerva_2\/#organization","name":"Baza podataka o tro\u0161enju teku\u0107e bud\u017eetske rezerve","url":"https:\/\/cin.ba\/budzetska_rezerva_2\/","logo":{"@type":"ImageObject","inLanguage":"bs-BA","@id":"https:\/\/cin.ba\/budzetska_rezerva_2\/#\/schema\/logo\/image\/","url":"https:\/\/cin.ba\/budzetska_rezerva_2\/wp-content\/uploads\/2023\/09\/logo.png","contentUrl":"https:\/\/cin.ba\/budzetska_rezerva_2\/wp-content\/uploads\/2023\/09\/logo.png","width":669,"height":90,"caption":"Baza podataka o tro\u0161enju teku\u0107e bud\u017eetske rezerve"},"image":{"@id":"https:\/\/cin.ba\/budzetska_rezerva_2\/#\/schema\/logo\/image\/"}}]}},"_links":{"self":[{"href":"https:\/\/cin.ba\/budzetska_rezerva_2\/wp-json\/wp\/v2\/pages\/12012","targetHints":{"allow":["GET"]}}],"collection":[{"href":"https:\/\/cin.ba\/budzetska_rezerva_2\/wp-json\/wp\/v2\/pages"}],"about":[{"href":"https:\/\/cin.ba\/budzetska_rezerva_2\/wp-json\/wp\/v2\/types\/page"}],"author":[{"embeddable":true,"href":"https:\/\/cin.ba\/budzetska_rezerva_2\/wp-json\/wp\/v2\/users\/1"}],"replies":[{"embeddable":true,"href":"https:\/\/cin.ba\/budzetska_rezerva_2\/wp-json\/wp\/v2\/comments?post=12012"}],"version-history":[{"count":10,"href":"https:\/\/cin.ba\/budzetska_rezerva_2\/wp-json\/wp\/v2\/pages\/12012\/revisions"}],"predecessor-version":[{"id":22702,"href":"https:\/\/cin.ba\/budzetska_rezerva_2\/wp-json\/wp\/v2\/pages\/12012\/revisions\/22702"}],"wp:attachment":[{"href":"https:\/\/cin.ba\/budzetska_rezerva_2\/wp-json\/wp\/v2\/media?parent=12012"}],"curies":[{"name":"wp","href":"https:\/\/api.w.org\/{rel}","templated":true}]}}