{"id":26,"date":"2023-09-04T12:47:01","date_gmt":"2023-09-04T10:47:01","guid":{"rendered":"http:\/\/budzetskarezerva.ba.www549.your-server.de\/?page_id=26"},"modified":"2026-02-21T12:41:57","modified_gmt":"2026-02-21T11:41:57","slug":"pocetna-stranica","status":"publish","type":"page","link":"https:\/\/cin.ba\/budzetska_rezerva_2\/","title":{"rendered":"Po\u010detna stranica"},"content":{"rendered":"\t\t<div data-elementor-type=\"wp-page\" data-elementor-id=\"26\" class=\"elementor elementor-26\" data-elementor-settings=\"{&quot;ha_cmc_init_switcher&quot;:&quot;no&quot;}\" data-elementor-post-type=\"page\">\n\t\t\t\t\t\t<section class=\"elementor-section elementor-top-section elementor-element elementor-element-b671fea elementor-section-full_width elementor-section-height-min-height elementor-section-items-stretch elementor-hidden-tablet elementor-hidden-mobile elementor-section-height-default\" data-id=\"b671fea\" data-element_type=\"section\" data-e-type=\"section\" data-settings=\"{&quot;background_background&quot;:&quot;classic&quot;,&quot;_ha_eqh_enable&quot;:false}\">\n\t\t\t\t\t\t<div class=\"elementor-container elementor-column-gap-default\">\n\t\t\t\t\t<div class=\"elementor-column elementor-col-100 elementor-top-column elementor-element elementor-element-524334f5\" data-id=\"524334f5\" data-element_type=\"column\" data-e-type=\"column\">\n\t\t\t<div class=\"elementor-widget-wrap\">\n\t\t\t\t\t\t\t<\/div>\n\t\t<\/div>\n\t\t\t\t\t<\/div>\n\t\t<\/section>\n\t\t\t\t<section class=\"elementor-section elementor-top-section elementor-element elementor-element-5cfd35b elementor-section-full_width elementor-section-height-min-height elementor-hidden-desktop elementor-section-height-default elementor-section-items-middle\" data-id=\"5cfd35b\" data-element_type=\"section\" data-e-type=\"section\" data-settings=\"{&quot;background_background&quot;:&quot;classic&quot;,&quot;_ha_eqh_enable&quot;:false}\">\n\t\t\t\t\t\t<div class=\"elementor-container elementor-column-gap-default\">\n\t\t\t\t\t<div class=\"elementor-column elementor-col-100 elementor-top-column elementor-element elementor-element-1d4e4c2\" data-id=\"1d4e4c2\" data-element_type=\"column\" data-e-type=\"column\">\n\t\t\t<div class=\"elementor-widget-wrap\">\n\t\t\t\t\t\t\t<\/div>\n\t\t<\/div>\n\t\t\t\t\t<\/div>\n\t\t<\/section>\n\t\t\t\t<\/div>\n\t\t","protected":false},"excerpt":{"rendered":"","protected":false},"author":1,"featured_media":12085,"parent":0,"menu_order":0,"comment_status":"closed","ping_status":"closed","template":"","meta":{"_acf_changed":false,"_monsterinsights_skip_tracking":false,"_monsterinsights_sitenote_active":false,"_monsterinsights_sitenote_note":"","_monsterinsights_sitenote_category":0,"footnotes":""},"class_list":["post-26","page","type-page","status-publish","has-post-thumbnail","hentry"],"acf":[],"yoast_head":"<!-- This site is optimized with the Yoast SEO plugin v27.0 - https:\/\/yoast.com\/product\/yoast-seo-wordpress\/ -->\n<title>Baza podataka o tro\u0161enju teku\u0107e bud\u017eetske rezerve<\/title>\n<meta name=\"description\" content=\"Dr\u017eavna, entitetske, kantonalne i Vlada Br\u010dko distrikta te pojedinci na vlasti su od 2014. podijelili 184 miliona KM iz bud\u017eetskih rezervi.\" \/>\n<meta name=\"robots\" content=\"index, follow, max-snippet:-1, max-image-preview:large, max-video-preview:-1\" \/>\n<link rel=\"canonical\" href=\"https:\/\/cin.ba\/budzetska_rezerva_2\/\" \/>\n<meta property=\"og:locale\" content=\"bs_BA\" \/>\n<meta property=\"og:type\" content=\"article\" \/>\n<meta property=\"og:title\" content=\"Baza podataka o tro\u0161enju teku\u0107e bud\u017eetske rezerve\" \/>\n<meta property=\"og:description\" content=\"Dr\u017eavna, entitetske, kantonalne i Vlada Br\u010dko distrikta te pojedinci na vlasti su od 2014. podijelili 184 miliona KM iz bud\u017eetskih rezervi.\" \/>\n<meta property=\"og:url\" content=\"https:\/\/cin.ba\/budzetska_rezerva_2\/\" \/>\n<meta property=\"og:site_name\" content=\"Baza podataka o tro\u0161enju teku\u0107e bud\u017eetske rezerve\" \/>\n<meta property=\"article:modified_time\" content=\"2026-02-21T11:41:57+00:00\" \/>\n<meta property=\"og:image\" content=\"https:\/\/cin.ba\/budzetska_rezerva_2\/wp-content\/uploads\/2023\/10\/FB-okvir-za-link-na-bazu.jpg\" \/>\n\t<meta property=\"og:image:width\" content=\"1200\" \/>\n\t<meta property=\"og:image:height\" content=\"628\" \/>\n\t<meta property=\"og:image:type\" content=\"image\/jpeg\" \/>\n<meta name=\"twitter:card\" content=\"summary_large_image\" \/>\n<script type=\"application\/ld+json\" class=\"yoast-schema-graph\">{\"@context\":\"https:\/\/schema.org\",\"@graph\":[{\"@type\":\"WebPage\",\"@id\":\"https:\/\/cin.ba\/budzetska_rezerva_2\/\",\"url\":\"https:\/\/cin.ba\/budzetska_rezerva_2\/\",\"name\":\"Baza podataka o tro\u0161enju teku\u0107e bud\u017eetske rezerve\",\"isPartOf\":{\"@id\":\"https:\/\/cin.ba\/budzetska_rezerva_2\/#website\"},\"primaryImageOfPage\":{\"@id\":\"https:\/\/cin.ba\/budzetska_rezerva_2\/#primaryimage\"},\"image\":{\"@id\":\"https:\/\/cin.ba\/budzetska_rezerva_2\/#primaryimage\"},\"thumbnailUrl\":\"https:\/\/cin.ba\/budzetska_rezerva_2\/wp-content\/uploads\/2023\/10\/FB-okvir-za-link-na-bazu.jpg\",\"datePublished\":\"2023-09-04T10:47:01+00:00\",\"dateModified\":\"2026-02-21T11:41:57+00:00\",\"description\":\"Dr\u017eavna, entitetske, kantonalne i Vlada Br\u010dko distrikta te pojedinci na vlasti su od 2014. podijelili 184 miliona KM iz bud\u017eetskih rezervi.\",\"breadcrumb\":{\"@id\":\"https:\/\/cin.ba\/budzetska_rezerva_2\/#breadcrumb\"},\"inLanguage\":\"bs-BA\",\"potentialAction\":[{\"@type\":\"ReadAction\",\"target\":[\"https:\/\/cin.ba\/budzetska_rezerva_2\/\"]}]},{\"@type\":\"ImageObject\",\"inLanguage\":\"bs-BA\",\"@id\":\"https:\/\/cin.ba\/budzetska_rezerva_2\/#primaryimage\",\"url\":\"https:\/\/cin.ba\/budzetska_rezerva_2\/wp-content\/uploads\/2023\/10\/FB-okvir-za-link-na-bazu.jpg\",\"contentUrl\":\"https:\/\/cin.ba\/budzetska_rezerva_2\/wp-content\/uploads\/2023\/10\/FB-okvir-za-link-na-bazu.jpg\",\"width\":1200,\"height\":628},{\"@type\":\"BreadcrumbList\",\"@id\":\"https:\/\/cin.ba\/budzetska_rezerva_2\/#breadcrumb\",\"itemListElement\":[{\"@type\":\"ListItem\",\"position\":1,\"name\":\"Home\",\"item\":\"https:\/\/cin.ba\/budzetska_rezerva_2\/\"},{\"@type\":\"ListItem\",\"position\":2,\"name\":\"Po\u010detna stranica\"}]},{\"@type\":\"WebSite\",\"@id\":\"https:\/\/cin.ba\/budzetska_rezerva_2\/#website\",\"url\":\"https:\/\/cin.ba\/budzetska_rezerva_2\/\",\"name\":\"Baza podataka o tro\u0161enju teku\u0107e bud\u017eetske rezerve\",\"description\":\"\",\"publisher\":{\"@id\":\"https:\/\/cin.ba\/budzetska_rezerva_2\/#organization\"},\"potentialAction\":[{\"@type\":\"SearchAction\",\"target\":{\"@type\":\"EntryPoint\",\"urlTemplate\":\"https:\/\/cin.ba\/budzetska_rezerva_2\/?s={search_term_string}\"},\"query-input\":{\"@type\":\"PropertyValueSpecification\",\"valueRequired\":true,\"valueName\":\"search_term_string\"}}],\"inLanguage\":\"bs-BA\"},{\"@type\":\"Organization\",\"@id\":\"https:\/\/cin.ba\/budzetska_rezerva_2\/#organization\",\"name\":\"Baza podataka o tro\u0161enju teku\u0107e bud\u017eetske rezerve\",\"url\":\"https:\/\/cin.ba\/budzetska_rezerva_2\/\",\"logo\":{\"@type\":\"ImageObject\",\"inLanguage\":\"bs-BA\",\"@id\":\"https:\/\/cin.ba\/budzetska_rezerva_2\/#\/schema\/logo\/image\/\",\"url\":\"https:\/\/cin.ba\/budzetska_rezerva_2\/wp-content\/uploads\/2023\/09\/logo.png\",\"contentUrl\":\"https:\/\/cin.ba\/budzetska_rezerva_2\/wp-content\/uploads\/2023\/09\/logo.png\",\"width\":669,\"height\":90,\"caption\":\"Baza podataka o tro\u0161enju teku\u0107e bud\u017eetske rezerve\"},\"image\":{\"@id\":\"https:\/\/cin.ba\/budzetska_rezerva_2\/#\/schema\/logo\/image\/\"}}]}<\/script>\n<!-- \/ Yoast SEO plugin. -->","yoast_head_json":{"title":"Baza podataka o tro\u0161enju teku\u0107e bud\u017eetske rezerve","description":"Dr\u017eavna, entitetske, kantonalne i Vlada Br\u010dko distrikta te pojedinci na vlasti su od 2014. podijelili 184 miliona KM iz bud\u017eetskih rezervi.","robots":{"index":"index","follow":"follow","max-snippet":"max-snippet:-1","max-image-preview":"max-image-preview:large","max-video-preview":"max-video-preview:-1"},"canonical":"https:\/\/cin.ba\/budzetska_rezerva_2\/","og_locale":"bs_BA","og_type":"article","og_title":"Baza podataka o tro\u0161enju teku\u0107e bud\u017eetske rezerve","og_description":"Dr\u017eavna, entitetske, kantonalne i Vlada Br\u010dko distrikta te pojedinci na vlasti su od 2014. podijelili 184 miliona KM iz bud\u017eetskih rezervi.","og_url":"https:\/\/cin.ba\/budzetska_rezerva_2\/","og_site_name":"Baza podataka o tro\u0161enju teku\u0107e bud\u017eetske rezerve","article_modified_time":"2026-02-21T11:41:57+00:00","og_image":[{"width":1200,"height":628,"url":"https:\/\/cin.ba\/budzetska_rezerva_2\/wp-content\/uploads\/2023\/10\/FB-okvir-za-link-na-bazu.jpg","type":"image\/jpeg"}],"twitter_card":"summary_large_image","schema":{"@context":"https:\/\/schema.org","@graph":[{"@type":"WebPage","@id":"https:\/\/cin.ba\/budzetska_rezerva_2\/","url":"https:\/\/cin.ba\/budzetska_rezerva_2\/","name":"Baza podataka o tro\u0161enju teku\u0107e bud\u017eetske rezerve","isPartOf":{"@id":"https:\/\/cin.ba\/budzetska_rezerva_2\/#website"},"primaryImageOfPage":{"@id":"https:\/\/cin.ba\/budzetska_rezerva_2\/#primaryimage"},"image":{"@id":"https:\/\/cin.ba\/budzetska_rezerva_2\/#primaryimage"},"thumbnailUrl":"https:\/\/cin.ba\/budzetska_rezerva_2\/wp-content\/uploads\/2023\/10\/FB-okvir-za-link-na-bazu.jpg","datePublished":"2023-09-04T10:47:01+00:00","dateModified":"2026-02-21T11:41:57+00:00","description":"Dr\u017eavna, entitetske, kantonalne i Vlada Br\u010dko distrikta te pojedinci na vlasti su od 2014. podijelili 184 miliona KM iz bud\u017eetskih rezervi.","breadcrumb":{"@id":"https:\/\/cin.ba\/budzetska_rezerva_2\/#breadcrumb"},"inLanguage":"bs-BA","potentialAction":[{"@type":"ReadAction","target":["https:\/\/cin.ba\/budzetska_rezerva_2\/"]}]},{"@type":"ImageObject","inLanguage":"bs-BA","@id":"https:\/\/cin.ba\/budzetska_rezerva_2\/#primaryimage","url":"https:\/\/cin.ba\/budzetska_rezerva_2\/wp-content\/uploads\/2023\/10\/FB-okvir-za-link-na-bazu.jpg","contentUrl":"https:\/\/cin.ba\/budzetska_rezerva_2\/wp-content\/uploads\/2023\/10\/FB-okvir-za-link-na-bazu.jpg","width":1200,"height":628},{"@type":"BreadcrumbList","@id":"https:\/\/cin.ba\/budzetska_rezerva_2\/#breadcrumb","itemListElement":[{"@type":"ListItem","position":1,"name":"Home","item":"https:\/\/cin.ba\/budzetska_rezerva_2\/"},{"@type":"ListItem","position":2,"name":"Po\u010detna stranica"}]},{"@type":"WebSite","@id":"https:\/\/cin.ba\/budzetska_rezerva_2\/#website","url":"https:\/\/cin.ba\/budzetska_rezerva_2\/","name":"Baza podataka o tro\u0161enju teku\u0107e bud\u017eetske rezerve","description":"","publisher":{"@id":"https:\/\/cin.ba\/budzetska_rezerva_2\/#organization"},"potentialAction":[{"@type":"SearchAction","target":{"@type":"EntryPoint","urlTemplate":"https:\/\/cin.ba\/budzetska_rezerva_2\/?s={search_term_string}"},"query-input":{"@type":"PropertyValueSpecification","valueRequired":true,"valueName":"search_term_string"}}],"inLanguage":"bs-BA"},{"@type":"Organization","@id":"https:\/\/cin.ba\/budzetska_rezerva_2\/#organization","name":"Baza podataka o tro\u0161enju teku\u0107e bud\u017eetske rezerve","url":"https:\/\/cin.ba\/budzetska_rezerva_2\/","logo":{"@type":"ImageObject","inLanguage":"bs-BA","@id":"https:\/\/cin.ba\/budzetska_rezerva_2\/#\/schema\/logo\/image\/","url":"https:\/\/cin.ba\/budzetska_rezerva_2\/wp-content\/uploads\/2023\/09\/logo.png","contentUrl":"https:\/\/cin.ba\/budzetska_rezerva_2\/wp-content\/uploads\/2023\/09\/logo.png","width":669,"height":90,"caption":"Baza podataka o tro\u0161enju teku\u0107e bud\u017eetske rezerve"},"image":{"@id":"https:\/\/cin.ba\/budzetska_rezerva_2\/#\/schema\/logo\/image\/"}}]}},"_links":{"self":[{"href":"https:\/\/cin.ba\/budzetska_rezerva_2\/wp-json\/wp\/v2\/pages\/26","targetHints":{"allow":["GET"]}}],"collection":[{"href":"https:\/\/cin.ba\/budzetska_rezerva_2\/wp-json\/wp\/v2\/pages"}],"about":[{"href":"https:\/\/cin.ba\/budzetska_rezerva_2\/wp-json\/wp\/v2\/types\/page"}],"author":[{"embeddable":true,"href":"https:\/\/cin.ba\/budzetska_rezerva_2\/wp-json\/wp\/v2\/users\/1"}],"replies":[{"embeddable":true,"href":"https:\/\/cin.ba\/budzetska_rezerva_2\/wp-json\/wp\/v2\/comments?post=26"}],"version-history":[{"count":22,"href":"https:\/\/cin.ba\/budzetska_rezerva_2\/wp-json\/wp\/v2\/pages\/26\/revisions"}],"predecessor-version":[{"id":22722,"href":"https:\/\/cin.ba\/budzetska_rezerva_2\/wp-json\/wp\/v2\/pages\/26\/revisions\/22722"}],"wp:featuredmedia":[{"embeddable":true,"href":"https:\/\/cin.ba\/budzetska_rezerva_2\/wp-json\/wp\/v2\/media\/12085"}],"wp:attachment":[{"href":"https:\/\/cin.ba\/budzetska_rezerva_2\/wp-json\/wp\/v2\/media?parent=26"}],"curies":[{"name":"wp","href":"https:\/\/api.w.org\/{rel}","templated":true}]}}