{"id":26,"date":"2023-09-04T12:47:01","date_gmt":"2023-09-04T10:47:01","guid":{"rendered":"http:\/\/imovinastranihfirmi.ba.www326.your-server.de\/?page_id=26"},"modified":"2023-10-11T14:00:19","modified_gmt":"2023-10-11T12:00:19","slug":"pocetna-stranica","status":"publish","type":"page","link":"https:\/\/cin.ba\/imovina-stranih-firmi-u-KS\/","title":{"rendered":"Po\u010detna stranica"},"content":{"rendered":"\t\t<div data-elementor-type=\"wp-page\" data-elementor-id=\"26\" class=\"elementor elementor-26\" data-elementor-settings=\"{&quot;ha_cmc_init_switcher&quot;:&quot;no&quot;}\" data-elementor-post-type=\"page\">\n\t\t\t\t\t\t<section class=\"elementor-section elementor-top-section elementor-element elementor-element-91d03f0 elementor-section-full_width elementor-section-height-min-height elementor-section-items-stretch elementor-hidden-tablet elementor-hidden-mobile elementor-section-height-default\" data-id=\"91d03f0\" data-element_type=\"section\" data-settings=\"{&quot;background_background&quot;:&quot;classic&quot;,&quot;_ha_eqh_enable&quot;:false}\">\n\t\t\t\t\t\t<div class=\"elementor-container elementor-column-gap-default\">\n\t\t\t\t\t<div class=\"elementor-column elementor-col-100 elementor-top-column elementor-element elementor-element-d64ec49\" data-id=\"d64ec49\" data-element_type=\"column\">\n\t\t\t<div class=\"elementor-widget-wrap\">\n\t\t\t\t\t\t\t<\/div>\n\t\t<\/div>\n\t\t\t\t\t<\/div>\n\t\t<\/section>\n\t\t\t\t<section class=\"elementor-section elementor-top-section elementor-element elementor-element-3ff92c7 elementor-section-content-middle elementor-section-full_width elementor-hidden-desktop elementor-section-height-default elementor-section-height-default\" data-id=\"3ff92c7\" data-element_type=\"section\" data-settings=\"{&quot;_ha_eqh_enable&quot;:false}\">\n\t\t\t\t\t\t<div class=\"elementor-container elementor-column-gap-default\">\n\t\t\t\t\t<div class=\"elementor-column elementor-col-100 elementor-top-column elementor-element elementor-element-0a2ba13 searchPocetna\" data-id=\"0a2ba13\" data-element_type=\"column\">\n\t\t\t<div class=\"elementor-widget-wrap elementor-element-populated\">\n\t\t\t\t\t\t<div class=\"elementor-element elementor-element-0cc4627 elementor-widget elementor-widget-image\" data-id=\"0cc4627\" data-element_type=\"widget\" data-widget_type=\"image.default\">\n\t\t\t\t<div class=\"elementor-widget-container\">\n\t\t\t\t\t\t\t\t\t\t\t\t\t\t\t<img fetchpriority=\"high\" decoding=\"async\" width=\"609\" height=\"2560\" src=\"https:\/\/cin.ba\/imovina-stranih-firmi-u-KS\/wp-content\/uploads\/2023\/10\/Imovina-stranih-firmu-u-KS-mobilna-verzija-FINALNA-ILUSTRACIJA-1-scaled.jpg\" class=\"attachment-full size-full wp-image-626\" alt=\"\" srcset=\"https:\/\/cin.ba\/imovina-stranih-firmi-u-KS\/wp-content\/uploads\/2023\/10\/Imovina-stranih-firmu-u-KS-mobilna-verzija-FINALNA-ILUSTRACIJA-1-scaled.jpg 609w, https:\/\/cin.ba\/imovina-stranih-firmi-u-KS\/wp-content\/uploads\/2023\/10\/Imovina-stranih-firmu-u-KS-mobilna-verzija-FINALNA-ILUSTRACIJA-1-768x3227.jpg 768w, https:\/\/cin.ba\/imovina-stranih-firmi-u-KS\/wp-content\/uploads\/2023\/10\/Imovina-stranih-firmu-u-KS-mobilna-verzija-FINALNA-ILUSTRACIJA-1-487x2048.jpg 487w\" sizes=\"(max-width: 609px) 100vw, 609px\" \/>\t\t\t\t\t\t\t\t\t\t\t\t\t\t\t<\/div>\n\t\t\t\t<\/div>\n\t\t\t\t\t<\/div>\n\t\t<\/div>\n\t\t\t\t\t<\/div>\n\t\t<\/section>\n\t\t\t\t<section class=\"elementor-section elementor-top-section elementor-element elementor-element-779648d elementor-section-content-middle elementor-hidden-desktop elementor-section-boxed elementor-section-height-default elementor-section-height-default\" data-id=\"779648d\" data-element_type=\"section\" data-settings=\"{&quot;_ha_eqh_enable&quot;:false}\">\n\t\t\t\t\t\t<div class=\"elementor-container elementor-column-gap-default\">\n\t\t\t\t\t<div class=\"elementor-column elementor-col-50 elementor-top-column elementor-element elementor-element-cb21725\" data-id=\"cb21725\" data-element_type=\"column\">\n\t\t\t<div class=\"elementor-widget-wrap elementor-element-populated\">\n\t\t\t\t\t\t<div class=\"elementor-element elementor-element-4e31a68 elementor-widget elementor-widget-image\" data-id=\"4e31a68\" data-element_type=\"widget\" data-widget_type=\"image.default\">\n\t\t\t\t<div class=\"elementor-widget-container\">\n\t\t\t\t\t\t\t\t\t\t\t\t\t\t\t\t<a href=\"https:\/\/cin.ba\/\" target=\"_blank\">\n\t\t\t\t\t\t\t<img decoding=\"async\" src=\"https:\/\/cin.ba\/imovina-stranih-firmi-u-KS\/wp-content\/uploads\/2023\/10\/web-link-1.svg\" class=\"attachment-full size-full wp-image-630\" alt=\"\" \/>\t\t\t\t\t\t\t\t<\/a>\n\t\t\t\t\t\t\t\t\t\t\t\t\t\t\t<\/div>\n\t\t\t\t<\/div>\n\t\t\t\t\t<\/div>\n\t\t<\/div>\n\t\t\t\t<div class=\"elementor-column elementor-col-50 elementor-top-column elementor-element elementor-element-6984f5d\" data-id=\"6984f5d\" data-element_type=\"column\">\n\t\t\t<div class=\"elementor-widget-wrap elementor-element-populated\">\n\t\t\t\t\t\t<div class=\"elementor-element elementor-element-64f5c48 elementor-widget elementor-widget-image\" data-id=\"64f5c48\" data-element_type=\"widget\" data-widget_type=\"image.default\">\n\t\t\t\t<div class=\"elementor-widget-container\">\n\t\t\t\t\t\t\t\t\t\t\t\t\t\t\t\t<a href=\"#top\">\n\t\t\t\t\t\t\t<img decoding=\"async\" src=\"https:\/\/cin.ba\/imovina-stranih-firmi-u-KS\/wp-content\/uploads\/2023\/10\/web-back-1.svg\" class=\"attachment-full size-full wp-image-631\" alt=\"\" \/>\t\t\t\t\t\t\t\t<\/a>\n\t\t\t\t\t\t\t\t\t\t\t\t\t\t\t<\/div>\n\t\t\t\t<\/div>\n\t\t\t\t\t<\/div>\n\t\t<\/div>\n\t\t\t\t\t<\/div>\n\t\t<\/section>\n\t\t\t\t<\/div>\n\t\t","protected":false},"excerpt":{"rendered":"","protected":false},"author":1,"featured_media":1051,"parent":0,"menu_order":0,"comment_status":"closed","ping_status":"closed","template":"","meta":{"_acf_changed":false,"_monsterinsights_skip_tracking":false,"_monsterinsights_sitenote_active":false,"_monsterinsights_sitenote_note":"","_monsterinsights_sitenote_category":0,"footnotes":""},"class_list":["post-26","page","type-page","status-publish","has-post-thumbnail","hentry"],"acf":[],"yoast_head":"<!-- This site is optimized with the Yoast SEO plugin v24.4 - https:\/\/yoast.com\/wordpress\/plugins\/seo\/ -->\n<title>Imovina stranih firmi u KS - Centar za istra\u017eiva\u010dko novinarstvo<\/title>\n<meta name=\"description\" content=\"Podatci o 50 firmi, osnovanih kapitalom zemalja Bliskog istoka koje su u FBiH kupile najve\u0107e povr\u0161ine zemlji\u0161ta i drugih nekretnina.\" \/>\n<meta name=\"robots\" content=\"index, follow, max-snippet:-1, max-image-preview:large, max-video-preview:-1\" \/>\n<link rel=\"canonical\" href=\"https:\/\/cin.ba\/imovina-stranih-firmi-u-KS\/\" \/>\n<meta property=\"og:locale\" content=\"bs_BA\" \/>\n<meta property=\"og:type\" content=\"article\" \/>\n<meta property=\"og:title\" content=\"Imovina stranih firmi u KS - Centar za istra\u017eiva\u010dko novinarstvo\" \/>\n<meta property=\"og:description\" content=\"Podatci o 50 firmi, osnovanih kapitalom zemalja Bliskog istoka koje su u FBiH kupile najve\u0107e povr\u0161ine zemlji\u0161ta i drugih nekretnina.\" \/>\n<meta property=\"og:url\" content=\"https:\/\/cin.ba\/imovina-stranih-firmi-u-KS\/\" \/>\n<meta property=\"og:site_name\" content=\"Imovina stranih firmi u KS\" \/>\n<meta property=\"article:modified_time\" content=\"2023-10-11T12:00:19+00:00\" \/>\n<meta property=\"og:image\" content=\"https:\/\/cin.ba\/imovina-stranih-firmi-u-KS\/wp-content\/uploads\/2023\/10\/FB-okvir-za-link-na-bazu.jpg\" \/>\n\t<meta property=\"og:image:width\" content=\"1200\" \/>\n\t<meta property=\"og:image:height\" content=\"628\" \/>\n\t<meta property=\"og:image:type\" content=\"image\/jpeg\" \/>\n<meta name=\"twitter:card\" content=\"summary_large_image\" \/>\n<meta name=\"twitter:label1\" content=\"Est. reading time\" \/>\n\t<meta name=\"twitter:data1\" content=\"1 minuta\" \/>\n<script type=\"application\/ld+json\" class=\"yoast-schema-graph\">{\"@context\":\"https:\/\/schema.org\",\"@graph\":[{\"@type\":\"WebPage\",\"@id\":\"https:\/\/cin.ba\/imovina-stranih-firmi-u-KS\/\",\"url\":\"https:\/\/cin.ba\/imovina-stranih-firmi-u-KS\/\",\"name\":\"Imovina stranih firmi u KS - Centar za istra\u017eiva\u010dko novinarstvo\",\"isPartOf\":{\"@id\":\"https:\/\/cin.ba\/imovina-stranih-firmi-u-KS\/#website\"},\"primaryImageOfPage\":{\"@id\":\"https:\/\/cin.ba\/imovina-stranih-firmi-u-KS\/#primaryimage\"},\"image\":{\"@id\":\"https:\/\/cin.ba\/imovina-stranih-firmi-u-KS\/#primaryimage\"},\"thumbnailUrl\":\"https:\/\/cin.ba\/imovina-stranih-firmi-u-KS\/wp-content\/uploads\/2023\/10\/FB-okvir-za-link-na-bazu.jpg\",\"datePublished\":\"2023-09-04T10:47:01+00:00\",\"dateModified\":\"2023-10-11T12:00:19+00:00\",\"description\":\"Podatci o 50 firmi, osnovanih kapitalom zemalja Bliskog istoka koje su u FBiH kupile najve\u0107e povr\u0161ine zemlji\u0161ta i drugih nekretnina.\",\"breadcrumb\":{\"@id\":\"https:\/\/cin.ba\/imovina-stranih-firmi-u-KS\/#breadcrumb\"},\"inLanguage\":\"bs-BA\",\"potentialAction\":[{\"@type\":\"ReadAction\",\"target\":[\"https:\/\/cin.ba\/imovina-stranih-firmi-u-KS\/\"]}]},{\"@type\":\"ImageObject\",\"inLanguage\":\"bs-BA\",\"@id\":\"https:\/\/cin.ba\/imovina-stranih-firmi-u-KS\/#primaryimage\",\"url\":\"https:\/\/cin.ba\/imovina-stranih-firmi-u-KS\/wp-content\/uploads\/2023\/10\/FB-okvir-za-link-na-bazu.jpg\",\"contentUrl\":\"https:\/\/cin.ba\/imovina-stranih-firmi-u-KS\/wp-content\/uploads\/2023\/10\/FB-okvir-za-link-na-bazu.jpg\",\"width\":1200,\"height\":628},{\"@type\":\"BreadcrumbList\",\"@id\":\"https:\/\/cin.ba\/imovina-stranih-firmi-u-KS\/#breadcrumb\",\"itemListElement\":[{\"@type\":\"ListItem\",\"position\":1,\"name\":\"Home\",\"item\":\"https:\/\/cin.ba\/imovina-stranih-firmi-u-KS\/\"},{\"@type\":\"ListItem\",\"position\":2,\"name\":\"Po\u010detna stranica\"}]},{\"@type\":\"WebSite\",\"@id\":\"https:\/\/cin.ba\/imovina-stranih-firmi-u-KS\/#website\",\"url\":\"https:\/\/cin.ba\/imovina-stranih-firmi-u-KS\/\",\"name\":\"Imovina stranih firmi KS\",\"description\":\"\",\"publisher\":{\"@id\":\"https:\/\/cin.ba\/imovina-stranih-firmi-u-KS\/#organization\"},\"alternateName\":\"Imovina stranih firmi KS\",\"potentialAction\":[{\"@type\":\"SearchAction\",\"target\":{\"@type\":\"EntryPoint\",\"urlTemplate\":\"https:\/\/cin.ba\/imovina-stranih-firmi-u-KS\/?s={search_term_string}\"},\"query-input\":{\"@type\":\"PropertyValueSpecification\",\"valueRequired\":true,\"valueName\":\"search_term_string\"}}],\"inLanguage\":\"bs-BA\"},{\"@type\":\"Organization\",\"@id\":\"https:\/\/cin.ba\/imovina-stranih-firmi-u-KS\/#organization\",\"name\":\"Imovina stranih firmi KS\",\"url\":\"https:\/\/cin.ba\/imovina-stranih-firmi-u-KS\/\",\"logo\":{\"@type\":\"ImageObject\",\"inLanguage\":\"bs-BA\",\"@id\":\"https:\/\/cin.ba\/imovina-stranih-firmi-u-KS\/#\/schema\/logo\/image\/\",\"url\":\"https:\/\/cin.ba\/imovina-stranih-firmi-u-KS\/wp-content\/uploads\/2023\/09\/logo.png\",\"contentUrl\":\"https:\/\/cin.ba\/imovina-stranih-firmi-u-KS\/wp-content\/uploads\/2023\/09\/logo.png\",\"width\":669,\"height\":90,\"caption\":\"Imovina stranih firmi KS\"},\"image\":{\"@id\":\"https:\/\/cin.ba\/imovina-stranih-firmi-u-KS\/#\/schema\/logo\/image\/\"}}]}<\/script>\n<!-- \/ Yoast SEO plugin. -->","yoast_head_json":{"title":"Imovina stranih firmi u KS - Centar za istra\u017eiva\u010dko novinarstvo","description":"Podatci o 50 firmi, osnovanih kapitalom zemalja Bliskog istoka koje su u FBiH kupile najve\u0107e povr\u0161ine zemlji\u0161ta i drugih nekretnina.","robots":{"index":"index","follow":"follow","max-snippet":"max-snippet:-1","max-image-preview":"max-image-preview:large","max-video-preview":"max-video-preview:-1"},"canonical":"https:\/\/cin.ba\/imovina-stranih-firmi-u-KS\/","og_locale":"bs_BA","og_type":"article","og_title":"Imovina stranih firmi u KS - Centar za istra\u017eiva\u010dko novinarstvo","og_description":"Podatci o 50 firmi, osnovanih kapitalom zemalja Bliskog istoka koje su u FBiH kupile najve\u0107e povr\u0161ine zemlji\u0161ta i drugih nekretnina.","og_url":"https:\/\/cin.ba\/imovina-stranih-firmi-u-KS\/","og_site_name":"Imovina stranih firmi u KS","article_modified_time":"2023-10-11T12:00:19+00:00","og_image":[{"width":1200,"height":628,"url":"https:\/\/cin.ba\/imovina-stranih-firmi-u-KS\/wp-content\/uploads\/2023\/10\/FB-okvir-za-link-na-bazu.jpg","type":"image\/jpeg"}],"twitter_card":"summary_large_image","twitter_misc":{"Est. reading time":"1 minuta"},"schema":{"@context":"https:\/\/schema.org","@graph":[{"@type":"WebPage","@id":"https:\/\/cin.ba\/imovina-stranih-firmi-u-KS\/","url":"https:\/\/cin.ba\/imovina-stranih-firmi-u-KS\/","name":"Imovina stranih firmi u KS - Centar za istra\u017eiva\u010dko novinarstvo","isPartOf":{"@id":"https:\/\/cin.ba\/imovina-stranih-firmi-u-KS\/#website"},"primaryImageOfPage":{"@id":"https:\/\/cin.ba\/imovina-stranih-firmi-u-KS\/#primaryimage"},"image":{"@id":"https:\/\/cin.ba\/imovina-stranih-firmi-u-KS\/#primaryimage"},"thumbnailUrl":"https:\/\/cin.ba\/imovina-stranih-firmi-u-KS\/wp-content\/uploads\/2023\/10\/FB-okvir-za-link-na-bazu.jpg","datePublished":"2023-09-04T10:47:01+00:00","dateModified":"2023-10-11T12:00:19+00:00","description":"Podatci o 50 firmi, osnovanih kapitalom zemalja Bliskog istoka koje su u FBiH kupile najve\u0107e povr\u0161ine zemlji\u0161ta i drugih nekretnina.","breadcrumb":{"@id":"https:\/\/cin.ba\/imovina-stranih-firmi-u-KS\/#breadcrumb"},"inLanguage":"bs-BA","potentialAction":[{"@type":"ReadAction","target":["https:\/\/cin.ba\/imovina-stranih-firmi-u-KS\/"]}]},{"@type":"ImageObject","inLanguage":"bs-BA","@id":"https:\/\/cin.ba\/imovina-stranih-firmi-u-KS\/#primaryimage","url":"https:\/\/cin.ba\/imovina-stranih-firmi-u-KS\/wp-content\/uploads\/2023\/10\/FB-okvir-za-link-na-bazu.jpg","contentUrl":"https:\/\/cin.ba\/imovina-stranih-firmi-u-KS\/wp-content\/uploads\/2023\/10\/FB-okvir-za-link-na-bazu.jpg","width":1200,"height":628},{"@type":"BreadcrumbList","@id":"https:\/\/cin.ba\/imovina-stranih-firmi-u-KS\/#breadcrumb","itemListElement":[{"@type":"ListItem","position":1,"name":"Home","item":"https:\/\/cin.ba\/imovina-stranih-firmi-u-KS\/"},{"@type":"ListItem","position":2,"name":"Po\u010detna stranica"}]},{"@type":"WebSite","@id":"https:\/\/cin.ba\/imovina-stranih-firmi-u-KS\/#website","url":"https:\/\/cin.ba\/imovina-stranih-firmi-u-KS\/","name":"Imovina stranih firmi KS","description":"","publisher":{"@id":"https:\/\/cin.ba\/imovina-stranih-firmi-u-KS\/#organization"},"alternateName":"Imovina stranih firmi KS","potentialAction":[{"@type":"SearchAction","target":{"@type":"EntryPoint","urlTemplate":"https:\/\/cin.ba\/imovina-stranih-firmi-u-KS\/?s={search_term_string}"},"query-input":{"@type":"PropertyValueSpecification","valueRequired":true,"valueName":"search_term_string"}}],"inLanguage":"bs-BA"},{"@type":"Organization","@id":"https:\/\/cin.ba\/imovina-stranih-firmi-u-KS\/#organization","name":"Imovina stranih firmi KS","url":"https:\/\/cin.ba\/imovina-stranih-firmi-u-KS\/","logo":{"@type":"ImageObject","inLanguage":"bs-BA","@id":"https:\/\/cin.ba\/imovina-stranih-firmi-u-KS\/#\/schema\/logo\/image\/","url":"https:\/\/cin.ba\/imovina-stranih-firmi-u-KS\/wp-content\/uploads\/2023\/09\/logo.png","contentUrl":"https:\/\/cin.ba\/imovina-stranih-firmi-u-KS\/wp-content\/uploads\/2023\/09\/logo.png","width":669,"height":90,"caption":"Imovina stranih firmi KS"},"image":{"@id":"https:\/\/cin.ba\/imovina-stranih-firmi-u-KS\/#\/schema\/logo\/image\/"}}]}},"_links":{"self":[{"href":"https:\/\/cin.ba\/imovina-stranih-firmi-u-KS\/wp-json\/wp\/v2\/pages\/26","targetHints":{"allow":["GET"]}}],"collection":[{"href":"https:\/\/cin.ba\/imovina-stranih-firmi-u-KS\/wp-json\/wp\/v2\/pages"}],"about":[{"href":"https:\/\/cin.ba\/imovina-stranih-firmi-u-KS\/wp-json\/wp\/v2\/types\/page"}],"author":[{"embeddable":true,"href":"https:\/\/cin.ba\/imovina-stranih-firmi-u-KS\/wp-json\/wp\/v2\/users\/1"}],"replies":[{"embeddable":true,"href":"https:\/\/cin.ba\/imovina-stranih-firmi-u-KS\/wp-json\/wp\/v2\/comments?post=26"}],"version-history":[{"count":1,"href":"https:\/\/cin.ba\/imovina-stranih-firmi-u-KS\/wp-json\/wp\/v2\/pages\/26\/revisions"}],"predecessor-version":[{"id":1052,"href":"https:\/\/cin.ba\/imovina-stranih-firmi-u-KS\/wp-json\/wp\/v2\/pages\/26\/revisions\/1052"}],"wp:featuredmedia":[{"embeddable":true,"href":"https:\/\/cin.ba\/imovina-stranih-firmi-u-KS\/wp-json\/wp\/v2\/media\/1051"}],"wp:attachment":[{"href":"https:\/\/cin.ba\/imovina-stranih-firmi-u-KS\/wp-json\/wp\/v2\/media?parent=26"}],"curies":[{"name":"wp","href":"https:\/\/api.w.org\/{rel}","templated":true}]}}