{"id":651,"date":"2023-10-05T09:47:38","date_gmt":"2023-10-05T07:47:38","guid":{"rendered":"http:\/\/imovinastranihfirmi.ba.www326.your-server.de\/?page_id=651"},"modified":"2025-02-20T16:08:00","modified_gmt":"2025-02-20T15:08:00","slug":"o-bazi-imovine-stranih-firmi-u-ks","status":"publish","type":"page","link":"https:\/\/cin.ba\/imovina-stranih-firmi-u-KS\/o-bazi-imovine-stranih-firmi-u-ks\/","title":{"rendered":"O bazi imovine stranih firmi u KS"},"content":{"rendered":"\t\t<div data-elementor-type=\"wp-page\" data-elementor-id=\"651\" class=\"elementor elementor-651\" data-elementor-settings=\"{&quot;ha_cmc_init_switcher&quot;:&quot;no&quot;}\" data-elementor-post-type=\"page\">\n\t\t\t\t\t\t<section class=\"elementor-section elementor-top-section elementor-element elementor-element-8a0247d elementor-section-height-min-height elementor-section-items-top elementor-section-boxed elementor-section-height-default\" data-id=\"8a0247d\" data-element_type=\"section\" data-settings=\"{&quot;background_background&quot;:&quot;classic&quot;,&quot;_ha_eqh_enable&quot;:false}\">\n\t\t\t\t\t\t<div class=\"elementor-container elementor-column-gap-default\">\n\t\t\t\t\t<div class=\"elementor-column elementor-col-100 elementor-top-column elementor-element elementor-element-dd7b738\" data-id=\"dd7b738\" data-element_type=\"column\">\n\t\t\t<div class=\"elementor-widget-wrap elementor-element-populated\">\n\t\t\t\t\t\t<div class=\"elementor-element elementor-element-2d28fef elementor-widget elementor-widget-heading\" data-id=\"2d28fef\" data-element_type=\"widget\" data-widget_type=\"heading.default\">\n\t\t\t\t<div class=\"elementor-widget-container\">\n\t\t\t\t\t<h2 class=\"elementor-heading-title elementor-size-default\">O BAZI PODATAKA<\/h2>\t\t\t\t<\/div>\n\t\t\t\t<\/div>\n\t\t\t\t<div class=\"elementor-element elementor-element-e9ddca3 elementor-widget elementor-widget-text-editor\" data-id=\"e9ddca3\" data-element_type=\"widget\" data-widget_type=\"text-editor.default\">\n\t\t\t\t<div class=\"elementor-widget-container\">\n\t\t\t\t\t\t\t\t\t<p>Baza sadr\u017ei podatke o 50 firmi, osnovanih kapitalom zemalja Bliskog istoka koje su u Federaciji Bosne i Hercegovine (FBiH) kupile najve\u0107e povr\u0161ine zemlji\u0161ta i drugih nekretnina. Firme dr\u017eavljana Saudijske Arabije, Kuvajta, Ujedinjenih Arapskih Emirata, Katara, Jordana, Sirije i drugih bliskoisto\u010dnih zemalja te Egipta kupile su od 2012. do 2019. godine skoro 12 miliona kvadratnih metara u Sarajevu i okolnim op\u0107inama.<\/p><p>Do po\u010detka 2019. godine u FBiH je bilo registrovano ne\u0161to vi\u0161e od 1.600 firmi koje su vlasni\u0161tvo dr\u017eavljana zemalja Bliskog istoka. Firme su najvi\u0161e kupovale od 2012. do 2016. godine, a potom je promet nekretninama po\u010deo zna\u010dajno opadati.<\/p><p>Ova baza sadr\u017ei podatke o: nazivima firmi, osniva\u010dima i drugim osnovnim podacima te generalne podatke o poslovanju i nekretninama koje posjeduju u Sarajevu i okolini.<\/p><p>Novinari su podatke prikupljali u zemlji\u0161noknji\u017enim uredima tokom 2019. godine, zbog \u010dega se mo\u017ee desiti da su neke nekretnine u me\u0111uvremenu promijenile vlasnika. Finansijski i podaci o vlasnicima firmi su prikupljani u privrednim registrima i finansijskim institucijama.<\/p><p>Prema propisima, strani dr\u017eavljani u BiH mogu kupovati nekretnine kao fizi\u010dka lica jedino ako dolaze iz zemalja sa kojima na\u0161a zemlja ima sklopljen Sporazum o reciprocitetu. S obzirom na to da Bosna i Hercegovina takav sporazum nema ni sa jednom zemljom Bliskog istoka, njihovi dr\u017eavljani nemaju pravo biti vlasnicima nekretnina u BiH pa zato osnivaju firme koje se pojavljuju kao kupci nekretnina.<\/p>\t\t\t\t\t\t\t\t<\/div>\n\t\t\t\t<\/div>\n\t\t\t\t<div class=\"elementor-element elementor-element-5dd1052 elementor-widget elementor-widget-image\" data-id=\"5dd1052\" data-element_type=\"widget\" data-widget_type=\"image.default\">\n\t\t\t\t<div class=\"elementor-widget-container\">\n\t\t\t\t\t\t\t\t\t\t\t\t\t\t\t<img fetchpriority=\"high\" decoding=\"async\" width=\"909\" height=\"414\" src=\"https:\/\/cin.ba\/imovina-stranih-firmi-u-KS\/wp-content\/uploads\/2025\/02\/Imovina-stranih-firmi-u-KS.png\" class=\"attachment-full size-full wp-image-1199\" alt=\"\" srcset=\"https:\/\/cin.ba\/imovina-stranih-firmi-u-KS\/wp-content\/uploads\/2025\/02\/Imovina-stranih-firmi-u-KS.png 909w, https:\/\/cin.ba\/imovina-stranih-firmi-u-KS\/wp-content\/uploads\/2025\/02\/Imovina-stranih-firmi-u-KS-300x137.png 300w, https:\/\/cin.ba\/imovina-stranih-firmi-u-KS\/wp-content\/uploads\/2025\/02\/Imovina-stranih-firmi-u-KS-768x350.png 768w\" sizes=\"(max-width: 909px) 100vw, 909px\" \/>\t\t\t\t\t\t\t\t\t\t\t\t\t\t\t<\/div>\n\t\t\t\t<\/div>\n\t\t\t\t\t<\/div>\n\t\t<\/div>\n\t\t\t\t\t<\/div>\n\t\t<\/section>\n\t\t\t\t<\/div>\n\t\t","protected":false},"excerpt":{"rendered":"<p>O BAZI PODATAKA Baza sadr\u017ei podatke o 50 firmi, osnovanih kapitalom zemalja Bliskog istoka koje su u Federaciji Bosne i Hercegovine (FBiH) kupile najve\u0107e povr\u0161ine zemlji\u0161ta i drugih nekretnina. Firme dr\u017eavljana Saudijske Arabije, Kuvajta, Ujedinjenih Arapskih Emirata, Katara, Jordana, Sirije i drugih bliskoisto\u010dnih zemalja te Egipta kupile su od 2012. do 2019. godine skoro 12 [&hellip;]<\/p>\n","protected":false},"author":1,"featured_media":0,"parent":0,"menu_order":0,"comment_status":"closed","ping_status":"closed","template":"","meta":{"_acf_changed":false,"_monsterinsights_skip_tracking":false,"_monsterinsights_sitenote_active":false,"_monsterinsights_sitenote_note":"","_monsterinsights_sitenote_category":0,"footnotes":""},"class_list":["post-651","page","type-page","status-publish","hentry"],"acf":[],"yoast_head":"<!-- This site is optimized with the Yoast SEO plugin v24.4 - https:\/\/yoast.com\/wordpress\/plugins\/seo\/ -->\n<title>O bazi imovine stranih firmi u KS &#8212; Imovina stranih firmi u KS<\/title>\n<meta name=\"robots\" content=\"index, follow, max-snippet:-1, max-image-preview:large, max-video-preview:-1\" \/>\n<link rel=\"canonical\" href=\"https:\/\/cin.ba\/imovina-stranih-firmi-u-KS\/o-bazi-imovine-stranih-firmi-u-ks\/\" \/>\n<meta property=\"og:locale\" content=\"bs_BA\" \/>\n<meta property=\"og:type\" content=\"article\" \/>\n<meta property=\"og:title\" content=\"O bazi imovine stranih firmi u KS &#8212; Imovina stranih firmi u KS\" \/>\n<meta property=\"og:description\" content=\"O BAZI PODATAKA Baza sadr\u017ei podatke o 50 firmi, osnovanih kapitalom zemalja Bliskog istoka koje su u Federaciji Bosne i Hercegovine (FBiH) kupile najve\u0107e povr\u0161ine zemlji\u0161ta i drugih nekretnina. Firme dr\u017eavljana Saudijske Arabije, Kuvajta, Ujedinjenih Arapskih Emirata, Katara, Jordana, Sirije i drugih bliskoisto\u010dnih zemalja te Egipta kupile su od 2012. do 2019. godine skoro 12 [&hellip;]\" \/>\n<meta property=\"og:url\" content=\"https:\/\/cin.ba\/imovina-stranih-firmi-u-KS\/o-bazi-imovine-stranih-firmi-u-ks\/\" \/>\n<meta property=\"og:site_name\" content=\"Imovina stranih firmi u KS\" \/>\n<meta property=\"article:modified_time\" content=\"2025-02-20T15:08:00+00:00\" \/>\n<meta property=\"og:image\" content=\"https:\/\/cin.ba\/imovina-stranih-firmi-u-KS\/wp-content\/uploads\/2025\/02\/Imovina-stranih-firmi-u-KS.png\" \/>\n\t<meta property=\"og:image:width\" content=\"909\" \/>\n\t<meta property=\"og:image:height\" content=\"414\" \/>\n\t<meta property=\"og:image:type\" content=\"image\/png\" \/>\n<meta name=\"twitter:card\" content=\"summary_large_image\" \/>\n<meta name=\"twitter:label1\" content=\"Est. reading time\" \/>\n\t<meta name=\"twitter:data1\" content=\"2 minute\" \/>\n<script type=\"application\/ld+json\" class=\"yoast-schema-graph\">{\"@context\":\"https:\/\/schema.org\",\"@graph\":[{\"@type\":\"WebPage\",\"@id\":\"https:\/\/cin.ba\/imovina-stranih-firmi-u-KS\/o-bazi-imovine-stranih-firmi-u-ks\/\",\"url\":\"https:\/\/cin.ba\/imovina-stranih-firmi-u-KS\/o-bazi-imovine-stranih-firmi-u-ks\/\",\"name\":\"O bazi imovine stranih firmi u KS &#8212; Imovina stranih firmi u KS\",\"isPartOf\":{\"@id\":\"https:\/\/cin.ba\/imovina-stranih-firmi-u-KS\/#website\"},\"primaryImageOfPage\":{\"@id\":\"https:\/\/cin.ba\/imovina-stranih-firmi-u-KS\/o-bazi-imovine-stranih-firmi-u-ks\/#primaryimage\"},\"image\":{\"@id\":\"https:\/\/cin.ba\/imovina-stranih-firmi-u-KS\/o-bazi-imovine-stranih-firmi-u-ks\/#primaryimage\"},\"thumbnailUrl\":\"https:\/\/cin.ba\/imovina-stranih-firmi-u-KS\/wp-content\/uploads\/2025\/02\/Imovina-stranih-firmi-u-KS.png\",\"datePublished\":\"2023-10-05T07:47:38+00:00\",\"dateModified\":\"2025-02-20T15:08:00+00:00\",\"breadcrumb\":{\"@id\":\"https:\/\/cin.ba\/imovina-stranih-firmi-u-KS\/o-bazi-imovine-stranih-firmi-u-ks\/#breadcrumb\"},\"inLanguage\":\"bs-BA\",\"potentialAction\":[{\"@type\":\"ReadAction\",\"target\":[\"https:\/\/cin.ba\/imovina-stranih-firmi-u-KS\/o-bazi-imovine-stranih-firmi-u-ks\/\"]}]},{\"@type\":\"ImageObject\",\"inLanguage\":\"bs-BA\",\"@id\":\"https:\/\/cin.ba\/imovina-stranih-firmi-u-KS\/o-bazi-imovine-stranih-firmi-u-ks\/#primaryimage\",\"url\":\"https:\/\/cin.ba\/imovina-stranih-firmi-u-KS\/wp-content\/uploads\/2025\/02\/Imovina-stranih-firmi-u-KS.png\",\"contentUrl\":\"https:\/\/cin.ba\/imovina-stranih-firmi-u-KS\/wp-content\/uploads\/2025\/02\/Imovina-stranih-firmi-u-KS.png\",\"width\":909,\"height\":414},{\"@type\":\"BreadcrumbList\",\"@id\":\"https:\/\/cin.ba\/imovina-stranih-firmi-u-KS\/o-bazi-imovine-stranih-firmi-u-ks\/#breadcrumb\",\"itemListElement\":[{\"@type\":\"ListItem\",\"position\":1,\"name\":\"Home\",\"item\":\"https:\/\/cin.ba\/imovina-stranih-firmi-u-KS\/\"},{\"@type\":\"ListItem\",\"position\":2,\"name\":\"O bazi imovine stranih firmi u KS\"}]},{\"@type\":\"WebSite\",\"@id\":\"https:\/\/cin.ba\/imovina-stranih-firmi-u-KS\/#website\",\"url\":\"https:\/\/cin.ba\/imovina-stranih-firmi-u-KS\/\",\"name\":\"Imovina stranih firmi KS\",\"description\":\"\",\"publisher\":{\"@id\":\"https:\/\/cin.ba\/imovina-stranih-firmi-u-KS\/#organization\"},\"alternateName\":\"Imovina stranih firmi KS\",\"potentialAction\":[{\"@type\":\"SearchAction\",\"target\":{\"@type\":\"EntryPoint\",\"urlTemplate\":\"https:\/\/cin.ba\/imovina-stranih-firmi-u-KS\/?s={search_term_string}\"},\"query-input\":{\"@type\":\"PropertyValueSpecification\",\"valueRequired\":true,\"valueName\":\"search_term_string\"}}],\"inLanguage\":\"bs-BA\"},{\"@type\":\"Organization\",\"@id\":\"https:\/\/cin.ba\/imovina-stranih-firmi-u-KS\/#organization\",\"name\":\"Imovina stranih firmi KS\",\"url\":\"https:\/\/cin.ba\/imovina-stranih-firmi-u-KS\/\",\"logo\":{\"@type\":\"ImageObject\",\"inLanguage\":\"bs-BA\",\"@id\":\"https:\/\/cin.ba\/imovina-stranih-firmi-u-KS\/#\/schema\/logo\/image\/\",\"url\":\"https:\/\/cin.ba\/imovina-stranih-firmi-u-KS\/wp-content\/uploads\/2023\/09\/logo.png\",\"contentUrl\":\"https:\/\/cin.ba\/imovina-stranih-firmi-u-KS\/wp-content\/uploads\/2023\/09\/logo.png\",\"width\":669,\"height\":90,\"caption\":\"Imovina stranih firmi KS\"},\"image\":{\"@id\":\"https:\/\/cin.ba\/imovina-stranih-firmi-u-KS\/#\/schema\/logo\/image\/\"}}]}<\/script>\n<!-- \/ Yoast SEO plugin. -->","yoast_head_json":{"title":"O bazi imovine stranih firmi u KS &#8212; Imovina stranih firmi u KS","robots":{"index":"index","follow":"follow","max-snippet":"max-snippet:-1","max-image-preview":"max-image-preview:large","max-video-preview":"max-video-preview:-1"},"canonical":"https:\/\/cin.ba\/imovina-stranih-firmi-u-KS\/o-bazi-imovine-stranih-firmi-u-ks\/","og_locale":"bs_BA","og_type":"article","og_title":"O bazi imovine stranih firmi u KS &#8212; Imovina stranih firmi u KS","og_description":"O BAZI PODATAKA Baza sadr\u017ei podatke o 50 firmi, osnovanih kapitalom zemalja Bliskog istoka koje su u Federaciji Bosne i Hercegovine (FBiH) kupile najve\u0107e povr\u0161ine zemlji\u0161ta i drugih nekretnina. Firme dr\u017eavljana Saudijske Arabije, Kuvajta, Ujedinjenih Arapskih Emirata, Katara, Jordana, Sirije i drugih bliskoisto\u010dnih zemalja te Egipta kupile su od 2012. do 2019. godine skoro 12 [&hellip;]","og_url":"https:\/\/cin.ba\/imovina-stranih-firmi-u-KS\/o-bazi-imovine-stranih-firmi-u-ks\/","og_site_name":"Imovina stranih firmi u KS","article_modified_time":"2025-02-20T15:08:00+00:00","og_image":[{"width":909,"height":414,"url":"https:\/\/cin.ba\/imovina-stranih-firmi-u-KS\/wp-content\/uploads\/2025\/02\/Imovina-stranih-firmi-u-KS.png","type":"image\/png"}],"twitter_card":"summary_large_image","twitter_misc":{"Est. reading time":"2 minute"},"schema":{"@context":"https:\/\/schema.org","@graph":[{"@type":"WebPage","@id":"https:\/\/cin.ba\/imovina-stranih-firmi-u-KS\/o-bazi-imovine-stranih-firmi-u-ks\/","url":"https:\/\/cin.ba\/imovina-stranih-firmi-u-KS\/o-bazi-imovine-stranih-firmi-u-ks\/","name":"O bazi imovine stranih firmi u KS &#8212; Imovina stranih firmi u KS","isPartOf":{"@id":"https:\/\/cin.ba\/imovina-stranih-firmi-u-KS\/#website"},"primaryImageOfPage":{"@id":"https:\/\/cin.ba\/imovina-stranih-firmi-u-KS\/o-bazi-imovine-stranih-firmi-u-ks\/#primaryimage"},"image":{"@id":"https:\/\/cin.ba\/imovina-stranih-firmi-u-KS\/o-bazi-imovine-stranih-firmi-u-ks\/#primaryimage"},"thumbnailUrl":"https:\/\/cin.ba\/imovina-stranih-firmi-u-KS\/wp-content\/uploads\/2025\/02\/Imovina-stranih-firmi-u-KS.png","datePublished":"2023-10-05T07:47:38+00:00","dateModified":"2025-02-20T15:08:00+00:00","breadcrumb":{"@id":"https:\/\/cin.ba\/imovina-stranih-firmi-u-KS\/o-bazi-imovine-stranih-firmi-u-ks\/#breadcrumb"},"inLanguage":"bs-BA","potentialAction":[{"@type":"ReadAction","target":["https:\/\/cin.ba\/imovina-stranih-firmi-u-KS\/o-bazi-imovine-stranih-firmi-u-ks\/"]}]},{"@type":"ImageObject","inLanguage":"bs-BA","@id":"https:\/\/cin.ba\/imovina-stranih-firmi-u-KS\/o-bazi-imovine-stranih-firmi-u-ks\/#primaryimage","url":"https:\/\/cin.ba\/imovina-stranih-firmi-u-KS\/wp-content\/uploads\/2025\/02\/Imovina-stranih-firmi-u-KS.png","contentUrl":"https:\/\/cin.ba\/imovina-stranih-firmi-u-KS\/wp-content\/uploads\/2025\/02\/Imovina-stranih-firmi-u-KS.png","width":909,"height":414},{"@type":"BreadcrumbList","@id":"https:\/\/cin.ba\/imovina-stranih-firmi-u-KS\/o-bazi-imovine-stranih-firmi-u-ks\/#breadcrumb","itemListElement":[{"@type":"ListItem","position":1,"name":"Home","item":"https:\/\/cin.ba\/imovina-stranih-firmi-u-KS\/"},{"@type":"ListItem","position":2,"name":"O bazi imovine stranih firmi u KS"}]},{"@type":"WebSite","@id":"https:\/\/cin.ba\/imovina-stranih-firmi-u-KS\/#website","url":"https:\/\/cin.ba\/imovina-stranih-firmi-u-KS\/","name":"Imovina stranih firmi KS","description":"","publisher":{"@id":"https:\/\/cin.ba\/imovina-stranih-firmi-u-KS\/#organization"},"alternateName":"Imovina stranih firmi KS","potentialAction":[{"@type":"SearchAction","target":{"@type":"EntryPoint","urlTemplate":"https:\/\/cin.ba\/imovina-stranih-firmi-u-KS\/?s={search_term_string}"},"query-input":{"@type":"PropertyValueSpecification","valueRequired":true,"valueName":"search_term_string"}}],"inLanguage":"bs-BA"},{"@type":"Organization","@id":"https:\/\/cin.ba\/imovina-stranih-firmi-u-KS\/#organization","name":"Imovina stranih firmi KS","url":"https:\/\/cin.ba\/imovina-stranih-firmi-u-KS\/","logo":{"@type":"ImageObject","inLanguage":"bs-BA","@id":"https:\/\/cin.ba\/imovina-stranih-firmi-u-KS\/#\/schema\/logo\/image\/","url":"https:\/\/cin.ba\/imovina-stranih-firmi-u-KS\/wp-content\/uploads\/2023\/09\/logo.png","contentUrl":"https:\/\/cin.ba\/imovina-stranih-firmi-u-KS\/wp-content\/uploads\/2023\/09\/logo.png","width":669,"height":90,"caption":"Imovina stranih firmi KS"},"image":{"@id":"https:\/\/cin.ba\/imovina-stranih-firmi-u-KS\/#\/schema\/logo\/image\/"}}]}},"_links":{"self":[{"href":"https:\/\/cin.ba\/imovina-stranih-firmi-u-KS\/wp-json\/wp\/v2\/pages\/651","targetHints":{"allow":["GET"]}}],"collection":[{"href":"https:\/\/cin.ba\/imovina-stranih-firmi-u-KS\/wp-json\/wp\/v2\/pages"}],"about":[{"href":"https:\/\/cin.ba\/imovina-stranih-firmi-u-KS\/wp-json\/wp\/v2\/types\/page"}],"author":[{"embeddable":true,"href":"https:\/\/cin.ba\/imovina-stranih-firmi-u-KS\/wp-json\/wp\/v2\/users\/1"}],"replies":[{"embeddable":true,"href":"https:\/\/cin.ba\/imovina-stranih-firmi-u-KS\/wp-json\/wp\/v2\/comments?post=651"}],"version-history":[{"count":42,"href":"https:\/\/cin.ba\/imovina-stranih-firmi-u-KS\/wp-json\/wp\/v2\/pages\/651\/revisions"}],"predecessor-version":[{"id":1211,"href":"https:\/\/cin.ba\/imovina-stranih-firmi-u-KS\/wp-json\/wp\/v2\/pages\/651\/revisions\/1211"}],"wp:attachment":[{"href":"https:\/\/cin.ba\/imovina-stranih-firmi-u-KS\/wp-json\/wp\/v2\/media?parent=651"}],"curies":[{"name":"wp","href":"https:\/\/api.w.org\/{rel}","templated":true}]}}